{"id":1262,"date":"2025-01-08T14:47:11","date_gmt":"2025-01-08T13:47:11","guid":{"rendered":"http:\/\/irelena.vl27225.dinaserver.com\/product\/tovallola-pure\/"},"modified":"2025-01-08T14:47:11","modified_gmt":"2025-01-08T13:47:11","slug":"tovallola-pure","status":"publish","type":"product","link":"https:\/\/www.irelena.com\/ca\/producte\/tovallola-pure\/","title":{"rendered":"Tovallola Pure"},"content":{"rendered":"<p>&nbsp;<\/p>\n<p>&nbsp;<\/p>\n","protected":false},"excerpt":{"rendered":"<p>La favorita de tots, i amb ra\u00f3! La nostra <b>Tovallola Pure<\/b> est\u00e0 feta de cot\u00f3 100% d&#8217;alta qualitat, fabricada a Portugal amb la cura que es mereix el teu dia a dia. Suau, absorbent i d&#8217;assecat r\u00e0pid, \u00e9s perfecta per a qualsevol bany, fins i tot aquests amb poca ventilaci\u00f3. El millor? Est\u00e0 disponible en <b>20 colors incre\u00efbles<\/b> perqu\u00e8 trobis el to perfecte pel teu estil. No veus qu\u00e8 busques? Escriu-nos, som aqu\u00ed per ajudar-te a aconseguir-ho!  <\/p>\n<p><b>Qualitat premium al millor preu.<\/b>  No te&#8217;n penedir\u00e0s.<\/p>\n","protected":false},"featured_media":1189,"comment_status":"closed","ping_status":"closed","template":"","meta":{"_acf_changed":false},"product_brand":[],"product_cat":[35],"product_tag":[],"class_list":{"0":"post-1262","1":"product","2":"type-product","3":"status-publish","4":"has-post-thumbnail","6":"product_cat-uncategorized-ca","8":"first","9":"instock","10":"taxable","11":"shipping-taxable","12":"purchasable","13":"product-type-variable"},"acf":[],"_links":{"self":[{"href":"https:\/\/www.irelena.com\/ca\/wp-json\/wp\/v2\/product\/1262","targetHints":{"allow":["GET"]}}],"collection":[{"href":"https:\/\/www.irelena.com\/ca\/wp-json\/wp\/v2\/product"}],"about":[{"href":"https:\/\/www.irelena.com\/ca\/wp-json\/wp\/v2\/types\/product"}],"replies":[{"embeddable":true,"href":"https:\/\/www.irelena.com\/ca\/wp-json\/wp\/v2\/comments?post=1262"}],"wp:featuredmedia":[{"embeddable":true,"href":"https:\/\/www.irelena.com\/ca\/wp-json\/wp\/v2\/media\/1189"}],"wp:attachment":[{"href":"https:\/\/www.irelena.com\/ca\/wp-json\/wp\/v2\/media?parent=1262"}],"wp:term":[{"taxonomy":"product_brand","embeddable":true,"href":"https:\/\/www.irelena.com\/ca\/wp-json\/wp\/v2\/product_brand?post=1262"},{"taxonomy":"product_cat","embeddable":true,"href":"https:\/\/www.irelena.com\/ca\/wp-json\/wp\/v2\/product_cat?post=1262"},{"taxonomy":"product_tag","embeddable":true,"href":"https:\/\/www.irelena.com\/ca\/wp-json\/wp\/v2\/product_tag?post=1262"}],"curies":[{"name":"wp","href":"https:\/\/api.w.org\/{rel}","templated":true}]}}