{"id":1258,"date":"2025-01-08T14:43:18","date_gmt":"2025-01-08T13:43:18","guid":{"rendered":"http:\/\/irelena.vl27225.dinaserver.com\/product\/tovallola-new-plus\/"},"modified":"2025-01-08T14:43:18","modified_gmt":"2025-01-08T13:43:18","slug":"tovallola-new-plus","status":"publish","type":"product","link":"https:\/\/www.irelena.com\/ca\/producte\/tovallola-new-plus\/","title":{"rendered":"Tovallola new plus"},"content":{"rendered":"<p>&nbsp;<\/p>\n<p>&nbsp;<\/p>\n","protected":false},"excerpt":{"rendered":"<p>Per als que no es conformen amb all\u00f2 com\u00fa. La nostra <b>Tovallola new plus<\/b> porta l&#8217;experi\u00e8ncia del bany a un altre nivell gr\u00e0cies al cot\u00f3 pentinat d&#8217;alta qualitat i al gramatge superior de 580 g\/m\u00b2. \u00c9s m\u00e9s gruixuda, m\u00e9s suau i est\u00e0 dissenyada per oferir un luxe incomparable sense renunciar a la seva capacitat d\u02bbassecat r\u00e0pid. Disponible en <b>28 colors<\/b> , a la web trobar\u00e0s una selecci\u00f3 exclusiva de 3 tonalitats triades amb compte. Busques un altre color? Contacta&#8217;ns! Tenim opcions per a tots els gustos. Si valores la suavitat, el confort i l&#8217;estil, o si el que busques \u00e9s un regal per a alg\u00fa especial, la <b>Tovallola new plus<\/b> \u00e9s per a tu.  <\/p>\n","protected":false},"featured_media":1187,"comment_status":"closed","ping_status":"closed","template":"","meta":{"_acf_changed":false},"product_brand":[],"product_cat":[35],"product_tag":[],"class_list":{"0":"post-1258","1":"product","2":"type-product","3":"status-publish","4":"has-post-thumbnail","6":"product_cat-uncategorized-ca","8":"first","9":"instock","10":"taxable","11":"shipping-taxable","12":"purchasable","13":"product-type-variable"},"acf":[],"_links":{"self":[{"href":"https:\/\/www.irelena.com\/ca\/wp-json\/wp\/v2\/product\/1258","targetHints":{"allow":["GET"]}}],"collection":[{"href":"https:\/\/www.irelena.com\/ca\/wp-json\/wp\/v2\/product"}],"about":[{"href":"https:\/\/www.irelena.com\/ca\/wp-json\/wp\/v2\/types\/product"}],"replies":[{"embeddable":true,"href":"https:\/\/www.irelena.com\/ca\/wp-json\/wp\/v2\/comments?post=1258"}],"wp:featuredmedia":[{"embeddable":true,"href":"https:\/\/www.irelena.com\/ca\/wp-json\/wp\/v2\/media\/1187"}],"wp:attachment":[{"href":"https:\/\/www.irelena.com\/ca\/wp-json\/wp\/v2\/media?parent=1258"}],"wp:term":[{"taxonomy":"product_brand","embeddable":true,"href":"https:\/\/www.irelena.com\/ca\/wp-json\/wp\/v2\/product_brand?post=1258"},{"taxonomy":"product_cat","embeddable":true,"href":"https:\/\/www.irelena.com\/ca\/wp-json\/wp\/v2\/product_cat?post=1258"},{"taxonomy":"product_tag","embeddable":true,"href":"https:\/\/www.irelena.com\/ca\/wp-json\/wp\/v2\/product_tag?post=1258"}],"curies":[{"name":"wp","href":"https:\/\/api.w.org\/{rel}","templated":true}]}}