{"id":1233,"date":"2025-01-08T13:42:25","date_gmt":"2025-01-08T12:42:25","guid":{"rendered":"http:\/\/irelena.vl27225.dinaserver.com\/product\/protector-de-matalas-respira\/"},"modified":"2025-01-08T13:42:25","modified_gmt":"2025-01-08T12:42:25","slug":"protector-de-matalas-respira","status":"publish","type":"product","link":"https:\/\/www.irelena.com\/ca\/producte\/protector-de-matalas-respira\/","title":{"rendered":"Protector de matal\u00e0s Respira"},"content":{"rendered":"<p>&nbsp;<\/p>\n<p>&nbsp;<\/p>\n","protected":false},"excerpt":{"rendered":"<div>\n<div>El teu llit, bonic i protegit.<\/div>\n<\/div>\n<div>\n<p>El <b>llen\u00e7ol de sota Respira<\/b> protegeix el matal\u00e0s contra l\u00edquids mentre permet un descans sense suor. Est\u00e0 confeccionada amb teixit 100% cot\u00f3 org\u00e0nic pentinat, certificat GOTS, extra suau i agradable al tacte. La seva l\u00e0mina impermeable, transpirable i pr\u00e0cticament imperceptible, et permetr\u00e0 protegir el teu llit sense adonar-te. S&#8217;ajusta perfectament a matalassos de fins a 200 cm de llarg i 30 cm d&#8217;al\u00e7ada gr\u00e0cies a la goma perimetral. F\u00e0cil de col\u00b7locar, rentable a m\u00e0quina i disponible tamb\u00e9 en versi\u00f3 coixinera. Ideal per als que busquen productes org\u00e0nics que ofereixin confort i protecci\u00f3.  <\/p>\n<\/div>\n","protected":false},"featured_media":1009,"comment_status":"closed","ping_status":"closed","template":"","meta":{"_acf_changed":false},"product_brand":[],"product_cat":[35],"product_tag":[],"class_list":{"0":"post-1233","1":"product","2":"type-product","3":"status-publish","4":"has-post-thumbnail","6":"product_cat-uncategorized-ca","8":"first","9":"instock","10":"taxable","11":"shipping-taxable","12":"purchasable","13":"product-type-variable"},"acf":[],"_links":{"self":[{"href":"https:\/\/www.irelena.com\/ca\/wp-json\/wp\/v2\/product\/1233","targetHints":{"allow":["GET"]}}],"collection":[{"href":"https:\/\/www.irelena.com\/ca\/wp-json\/wp\/v2\/product"}],"about":[{"href":"https:\/\/www.irelena.com\/ca\/wp-json\/wp\/v2\/types\/product"}],"replies":[{"embeddable":true,"href":"https:\/\/www.irelena.com\/ca\/wp-json\/wp\/v2\/comments?post=1233"}],"wp:featuredmedia":[{"embeddable":true,"href":"https:\/\/www.irelena.com\/ca\/wp-json\/wp\/v2\/media\/1009"}],"wp:attachment":[{"href":"https:\/\/www.irelena.com\/ca\/wp-json\/wp\/v2\/media?parent=1233"}],"wp:term":[{"taxonomy":"product_brand","embeddable":true,"href":"https:\/\/www.irelena.com\/ca\/wp-json\/wp\/v2\/product_brand?post=1233"},{"taxonomy":"product_cat","embeddable":true,"href":"https:\/\/www.irelena.com\/ca\/wp-json\/wp\/v2\/product_cat?post=1233"},{"taxonomy":"product_tag","embeddable":true,"href":"https:\/\/www.irelena.com\/ca\/wp-json\/wp\/v2\/product_tag?post=1233"}],"curies":[{"name":"wp","href":"https:\/\/api.w.org\/{rel}","templated":true}]}}