{"id":1216,"date":"2024-12-16T12:38:42","date_gmt":"2024-12-16T11:38:42","guid":{"rendered":"http:\/\/irelena.vl27225.dinaserver.com\/product\/funda-coixi-respira\/"},"modified":"2024-12-16T12:38:42","modified_gmt":"2024-12-16T11:38:42","slug":"funda-coixi-respira","status":"publish","type":"product","link":"https:\/\/www.irelena.com\/ca\/producte\/funda-coixi-respira\/","title":{"rendered":"Funda coix\u00ed Respira"},"content":{"rendered":"","protected":false},"excerpt":{"rendered":"<p>Funda coix\u00ed impermeable i hipertranspirable amb teixit 100% cot\u00f3 org\u00e0nic.<\/p>\n<ul>\n<li>Teixit de cot\u00f3 pentinat 100% org\u00e0nic, amb fil certificat GOTS.<\/li>\n<li>Impermeable i transpirable, amb l\u00e0mina reciclada.<\/li>\n<li>L\u00e0mina discreta i silenciosa.<\/li>\n<li>Tancament amb cremallera.<\/li>\n<li>Cot\u00f3 org\u00e0nic i l\u00e0mina impermeable reciclada<\/li>\n<\/ul>\n","protected":false},"featured_media":677,"comment_status":"closed","ping_status":"closed","template":"","meta":{"_acf_changed":false},"product_brand":[],"product_cat":[35],"product_tag":[],"class_list":{"0":"post-1216","1":"product","2":"type-product","3":"status-publish","4":"has-post-thumbnail","6":"product_cat-uncategorized-ca","8":"first","9":"instock","10":"taxable","11":"shipping-taxable","12":"purchasable","13":"product-type-variable"},"acf":[],"_links":{"self":[{"href":"https:\/\/www.irelena.com\/ca\/wp-json\/wp\/v2\/product\/1216","targetHints":{"allow":["GET"]}}],"collection":[{"href":"https:\/\/www.irelena.com\/ca\/wp-json\/wp\/v2\/product"}],"about":[{"href":"https:\/\/www.irelena.com\/ca\/wp-json\/wp\/v2\/types\/product"}],"replies":[{"embeddable":true,"href":"https:\/\/www.irelena.com\/ca\/wp-json\/wp\/v2\/comments?post=1216"}],"wp:featuredmedia":[{"embeddable":true,"href":"https:\/\/www.irelena.com\/ca\/wp-json\/wp\/v2\/media\/677"}],"wp:attachment":[{"href":"https:\/\/www.irelena.com\/ca\/wp-json\/wp\/v2\/media?parent=1216"}],"wp:term":[{"taxonomy":"product_brand","embeddable":true,"href":"https:\/\/www.irelena.com\/ca\/wp-json\/wp\/v2\/product_brand?post=1216"},{"taxonomy":"product_cat","embeddable":true,"href":"https:\/\/www.irelena.com\/ca\/wp-json\/wp\/v2\/product_cat?post=1216"},{"taxonomy":"product_tag","embeddable":true,"href":"https:\/\/www.irelena.com\/ca\/wp-json\/wp\/v2\/product_tag?post=1216"}],"curies":[{"name":"wp","href":"https:\/\/api.w.org\/{rel}","templated":true}]}}